{"id":1316,"date":"2023-04-05T07:12:45","date_gmt":"2023-04-05T05:12:45","guid":{"rendered":"https:\/\/www.fisiobalancehome.com\/avis-legal\/"},"modified":"2023-10-27T10:40:23","modified_gmt":"2023-10-27T08:40:23","slug":"avis-legal","status":"publish","type":"page","link":"https:\/\/www.fisiobalancehome.com\/ca\/avis-legal\/","title":{"rendered":"Av\u00eds Legal"},"content":{"rendered":"\t\t<div data-elementor-type=\"wp-page\" data-elementor-id=\"1316\" class=\"elementor elementor-1316 elementor-190\">\n\t\t\t\t\t\t\t\t\t<section class=\"elementor-section elementor-top-section elementor-element elementor-element-69132680 elementor-section-boxed elementor-section-height-default elementor-section-height-default\" data-id=\"69132680\" data-element_type=\"section\">\n\t\t\t\t\t\t<div class=\"elementor-container elementor-column-gap-default\">\n\t\t\t\t\t<div class=\"elementor-column elementor-col-100 elementor-top-column elementor-element elementor-element-5db60ab7\" data-id=\"5db60ab7\" data-element_type=\"column\">\n\t\t\t<div class=\"elementor-widget-wrap elementor-element-populated\">\n\t\t\t\t\t\t\t\t<div class=\"elementor-element elementor-element-c442f18 elementor-widget elementor-widget-heading\" data-id=\"c442f18\" data-element_type=\"widget\" data-widget_type=\"heading.default\">\n\t\t\t\t<div class=\"elementor-widget-container\">\n\t\t\t<style>\/*! elementor - v3.13.3 - 22-05-2023 *\/\n.elementor-heading-title{padding:0;margin:0;line-height:1}.elementor-widget-heading .elementor-heading-title[class*=elementor-size-]>a{color:inherit;font-size:inherit;line-height:inherit}.elementor-widget-heading .elementor-heading-title.elementor-size-small{font-size:15px}.elementor-widget-heading .elementor-heading-title.elementor-size-medium{font-size:19px}.elementor-widget-heading .elementor-heading-title.elementor-size-large{font-size:29px}.elementor-widget-heading .elementor-heading-title.elementor-size-xl{font-size:39px}.elementor-widget-heading .elementor-heading-title.elementor-size-xxl{font-size:59px}<\/style><h1 class=\"elementor-heading-title elementor-size-default\">Av\u00eds Legal<\/h1>\t\t<\/div>\n\t\t\t\t<\/div>\n\t\t\t\t<div class=\"elementor-element elementor-element-68454bad elementor-widget elementor-widget-text-editor\" data-id=\"68454bad\" data-element_type=\"widget\" data-widget_type=\"text-editor.default\">\n\t\t\t\t<div class=\"elementor-widget-container\">\n\t\t\t<style>\/*! elementor - v3.13.3 - 22-05-2023 *\/\n.elementor-widget-text-editor.elementor-drop-cap-view-stacked .elementor-drop-cap{background-color:#69727d;color:#fff}.elementor-widget-text-editor.elementor-drop-cap-view-framed .elementor-drop-cap{color:#69727d;border:3px solid;background-color:transparent}.elementor-widget-text-editor:not(.elementor-drop-cap-view-default) .elementor-drop-cap{margin-top:8px}.elementor-widget-text-editor:not(.elementor-drop-cap-view-default) .elementor-drop-cap-letter{width:1em;height:1em}.elementor-widget-text-editor .elementor-drop-cap{float:left;text-align:center;line-height:1;font-size:50px}.elementor-widget-text-editor .elementor-drop-cap-letter{display:inline-block}<\/style>\t\t\t\t<p>En compliment amb el que estableix la Llei 34\/2002 d&#8217;11 de juliol, de Serveis de la Societat de la Informaci\u00f3 i el Comer\u00e7 Electr\u00f2nic (LSSICE), s&#8217;informa dels aspectes legals seg\u00fcents:<\/p>\n<p><strong>Propietat del lloc web<\/strong><\/p>\n<p>Titular: JENIFER ROMAN\u00cd G\u00d3MEZ<br>DNI: 38.135.776-M<br>Adre\u00e7a: Av. Constituci\u00f3, num. 152, 08860, Castelldefels<br>Contacte: info@fisiobalance.cat<\/p>\n<p> <\/p>\n<p><strong>Condicions generals d&#8217;\u00fas<br><\/strong> La p\u00e0gina web fisiobalance.cat t\u00e9 com a objecte facilitar al p\u00fablic en general el coneixement de les activitats que duu a terme i dels productes i serveis que presta per al desenvolupament de la seva activitat.<\/p>\n<p>L&#8217;\u00fas de qualsevol de les funcionalitats del lloc web implica l&#8217;expressa i plena acceptaci\u00f3 de les condicions aqu\u00ed exposades, sens perjudici d&#8217;aquelles particulars que es puguin aplicar a alguns dels serveis concrets oferts a trav\u00e9s del lloc web.<\/p>\n<p>El titular del lloc web es reserva la facultat d&#8217;efectuar, en qualsevol moment i sense necessitat de previ av\u00eds, modificacions i actualitzacions de la informaci\u00f3 continguda a la seva web o a la configuraci\u00f3 i presentaci\u00f3 d&#8217;aquesta.<\/p>\n<p>A fi de mantenir actualitzada la informaci\u00f3 publicada al portal web, els continguts d&#8217;aquest podran ser modificats, corregits, eliminats o afegits en qualsevol moment, per la qual cosa ser\u00e0 convenient comprovar-ne la vig\u00e8ncia o exactitud acudint sempre a les fonts oficials.<\/p>\n<p> <\/p>\n<p><strong>Propietat intel\u00b7lectual, industrial<br><\/strong>Tots els elements que formen el lloc web, aix\u00ed com la seva estructura, disseny, codi font, logotips, marques i altres signes distintius que hi apareixen, s\u00f3n titularitat de JENIFER ROMERO G\u00d3MEZ o dels seus col\u00b7laboradors i estan protegits pels corresponents drets de propietat intel\u00b7lectual i industrial.<\/p>\n<p>Igualment estan protegits pels corresponents drets de propietat intel\u00b7lectual i industrial les imatges i altres elements gr\u00e0fics continguts al lloc web. El seu \u00fas, reproducci\u00f3, distribuci\u00f3, comunicaci\u00f3 p\u00fablica, transformaci\u00f3 o qualsevol altra activitat similar o an\u00e0loga, queda totalment prohibida llevat que hi hagi pr\u00e8via i expressa autoritzaci\u00f3 del titular.<\/p>\n<p>Respecte a les cites de productes i serveis de tercers, el titular del lloc web reconeix a favor dels seus titulars els corresponents drets de propietat industrial i intel\u00b7lectual, i no implica la seva sola menci\u00f3 o aparici\u00f3 a la web l&#8217;exist\u00e8ncia de drets ni de responsabilitat sobre aquests, com tampoc patrocini o recomanaci\u00f3.<\/p>\n<p>El titular del lloc web declara el respecte als drets de propietat intel\u00b7lectual i industrial de tercers; per aix\u00f2, si considereu que al nostre lloc web es poguessin estar violant els seus drets, preguem es posi en contacte amb el titular del lloc web.<\/p>\n<p><strong> <\/strong><\/p>\n<p><strong>Responsabilitat<br><\/strong>El titular del lloc web no garanteix la inexist\u00e8ncia d&#8217;errors en l&#8217;acc\u00e9s a la web, en el seu contingut, ni que aquest estigui actualitzat, encara que el titular del lloc web desenvolupar\u00e0 els seus millors esfor\u00e7os per, si escau, evitar-los, esmenar-los o actualitzar-los .<\/p>\n<p>Tant l&#8217;acc\u00e9s al lloc web, com l&#8217;\u00fas que es pugui fer de la informaci\u00f3 que cont\u00e9 \u00e9s d&#8217;exclusiva responsabilitat de qui el realitza.<\/p>\n<p>En cas que l&#8217;usuari consideri que hi ha algun contingut que pogu\u00e9s ser susceptible d&#8217;aquesta classificaci\u00f3, cal que us poseu en contacte amb el titular del lloc web.<\/p>\n<p> <\/p>\n<p><strong>Enlla\u00e7os<br><\/strong>Els enlla\u00e7os continguts al nostre lloc web poden adre\u00e7ar a continguts web de tercers. L&#8217;objectiu d&#8217;aquests enlla\u00e7os \u00e9s \u00fanicament facilitar-vos la cerca dels recursos que us puguin interessar a trav\u00e9s d&#8217;Internet. Aix\u00f2 no obstant, aquestes p\u00e0gines no pertanyen al mateix titular del lloc web, ni fa una revisi\u00f3 dels seus continguts i, per aix\u00f2, el titular del lloc web no assumeix cap responsabilitat pel contingut, informacions o serveis que poguessin apar\u00e8ixer en aquests llocs, que tindran exclusivament car\u00e0cter informatiu i que en cap cas impliquen cap relaci\u00f3 entre el titular del lloc web i les persones o entitats titulars d&#8217;aquests continguts o titulars d&#8217;altres llocs on es trobin. El titular del lloc web tampoc no es pot fer responsable del funcionament de la p\u00e0gina enlla\u00e7ada o dels possibles danys que puguin derivar-se de l&#8217;acc\u00e9s o \u00fas d&#8217;aquesta.<\/p>\n<p> <\/p>\n<p><strong>Protecci\u00f3 de dades<br><\/strong>Per a aquells casos que es demanin, tractin o emmagatzemin dades personals, es far\u00e0 de conformitat amb la Pol\u00edtica de Privadesa publicada al website i que pot consultar al peu de la mateixa.<\/p>\n<p> <\/p>\n<p><strong>Llei Aplicable i jurisdicci\u00f3<br><\/strong>La llei aplicable en cas de disputa o conflicte dinterpretaci\u00f3 dels termes que conformen aquest Av\u00eds Legal, aix\u00ed com qualsevol q\u00fcesti\u00f3 relacionada amb els serveis del present Portal, ser\u00e0 la llei espanyola.<\/p>\n<p>Per a la resoluci\u00f3 de qualsevol conflicte que pugui sorgir en ocasi\u00f3 de la visita al lloc web o de l&#8217;\u00fas dels serveis que s&#8217;hi puguin oferir, el titular del lloc web i l&#8217;usuari acorden sotmetre&#8217;s als jutges i tribunals de domicili de l&#8217;usuari, sempre que aquest estigui situat en territori espanyol i actu\u00ef en condici\u00f3 de consumidor.<\/p>\t\t\t\t\t\t<\/div>\n\t\t\t\t<\/div>\n\t\t\t\t\t<\/div>\n\t\t<\/div>\n\t\t\t\t\t\t\t<\/div>\n\t\t<\/section>\n\t\t\t\t\t\t\t<\/div>\n\t\t","protected":false},"excerpt":{"rendered":"<p>En compliment amb el que estableix la Llei 34\/2002 d&#8217;11 de juliol, de Serveis de la Societat de la Informaci\u00f3 i el Comer\u00e7 Electr\u00f2nic (LSSICE), s&#8217;informa dels aspectes legals seg\u00fcents: Propietat del lloc web Titular: JENIFER ROMAN\u00cd G\u00d3MEZDNI: 38.135.776-MAdre\u00e7a: Av. Constituci\u00f3, num. 152, 08860, CastelldefelsContacte: info@fisiobalance.cat Condicions generals d&#8217;\u00fas La p\u00e0gina web fisiobalance.cat t\u00e9 com [&hellip;]<\/p>\n","protected":false},"author":1,"featured_media":0,"parent":0,"menu_order":0,"comment_status":"closed","ping_status":"closed","template":"elementor_header_footer","meta":{"footnotes":""},"class_list":["post-1316","page","type-page","status-publish","hentry"],"yoast_head":"<!-- This site is optimized with the Yoast SEO plugin v20.8 - https:\/\/yoast.com\/wordpress\/plugins\/seo\/ -->\n<title>Av\u00eds Legal - Fisiobalance Home<\/title>\n<meta name=\"robots\" content=\"index, follow, max-snippet:-1, max-image-preview:large, max-video-preview:-1\" \/>\n<link rel=\"canonical\" href=\"https:\/\/www.fisiobalancehome.com\/ca\/avis-legal\/\" \/>\n<meta property=\"og:locale\" content=\"ca_ES\" \/>\n<meta property=\"og:type\" content=\"article\" \/>\n<meta property=\"og:title\" content=\"Av\u00eds Legal - Fisiobalance Home\" \/>\n<meta property=\"og:description\" content=\"En compliment amb el que estableix la Llei 34\/2002 d&#8217;11 de juliol, de Serveis de la Societat de la Informaci\u00f3 i el Comer\u00e7 Electr\u00f2nic (LSSICE), s&#8217;informa dels aspectes legals seg\u00fcents: Propietat del lloc web Titular: JENIFER ROMAN\u00cd G\u00d3MEZDNI: 38.135.776-MAdre\u00e7a: Av. Constituci\u00f3, num. 152, 08860, CastelldefelsContacte: info@fisiobalance.cat Condicions generals d&#8217;\u00fas La p\u00e0gina web fisiobalance.cat t\u00e9 com [&hellip;]\" \/>\n<meta property=\"og:url\" content=\"https:\/\/www.fisiobalancehome.com\/ca\/avis-legal\/\" \/>\n<meta property=\"og:site_name\" content=\"Fisiobalance Home\" \/>\n<meta property=\"article:modified_time\" content=\"2023-10-27T08:40:23+00:00\" \/>\n<meta property=\"og:image\" content=\"https:\/\/www.fisiobalancehome.com\/wp-content\/uploads\/2023\/04\/fisiohome-top.jpg\" \/>\n\t<meta property=\"og:image:width\" content=\"2000\" \/>\n\t<meta property=\"og:image:height\" content=\"743\" \/>\n\t<meta property=\"og:image:type\" content=\"image\/jpeg\" \/>\n<meta name=\"twitter:card\" content=\"summary_large_image\" \/>\n<meta name=\"twitter:label1\" content=\"Temps estimat de lectura\" \/>\n\t<meta name=\"twitter:data1\" content=\"4 minuts\" \/>\n<script type=\"application\/ld+json\" class=\"yoast-schema-graph\">{\"@context\":\"https:\/\/schema.org\",\"@graph\":[{\"@type\":\"WebPage\",\"@id\":\"https:\/\/www.fisiobalancehome.com\/ca\/avis-legal\/\",\"url\":\"https:\/\/www.fisiobalancehome.com\/ca\/avis-legal\/\",\"name\":\"Av\u00eds Legal - Fisiobalance Home\",\"isPartOf\":{\"@id\":\"https:\/\/www.fisiobalancehome.com\/#website\"},\"datePublished\":\"2023-04-05T05:12:45+00:00\",\"dateModified\":\"2023-10-27T08:40:23+00:00\",\"breadcrumb\":{\"@id\":\"https:\/\/www.fisiobalancehome.com\/ca\/avis-legal\/#breadcrumb\"},\"inLanguage\":\"ca\",\"potentialAction\":[{\"@type\":\"ReadAction\",\"target\":[\"https:\/\/www.fisiobalancehome.com\/ca\/avis-legal\/\"]}]},{\"@type\":\"BreadcrumbList\",\"@id\":\"https:\/\/www.fisiobalancehome.com\/ca\/avis-legal\/#breadcrumb\",\"itemListElement\":[{\"@type\":\"ListItem\",\"position\":1,\"name\":\"Portada\",\"item\":\"https:\/\/www.fisiobalancehome.com\/ca\/\"},{\"@type\":\"ListItem\",\"position\":2,\"name\":\"Av\u00eds Legal\"}]},{\"@type\":\"WebSite\",\"@id\":\"https:\/\/www.fisiobalancehome.com\/#website\",\"url\":\"https:\/\/www.fisiobalancehome.com\/\",\"name\":\"Fisiobalance Home\",\"description\":\"La\u00a0&lt;strong&gt;fisioterapia geri\u00e1trica&lt;\/strong&gt;\u00a0busca fomentar el bienestar y ayudar a las personas a mantener un estado f\u00edsico y mental saludable. Adem\u00e1s, se centra en la\u00a0&lt;strong&gt;prevenci\u00f3n de ca\u00eddas, lesiones y el manejo del dolor en la tercera edad.&lt;\/strong&gt;\u00a0En definitiva, proporciona a nuestros mayores la oportunidad de envejecer con calidad de vida.\",\"publisher\":{\"@id\":\"https:\/\/www.fisiobalancehome.com\/#organization\"},\"potentialAction\":[{\"@type\":\"SearchAction\",\"target\":{\"@type\":\"EntryPoint\",\"urlTemplate\":\"https:\/\/www.fisiobalancehome.com\/?s={search_term_string}\"},\"query-input\":\"required name=search_term_string\"}],\"inLanguage\":\"ca\"},{\"@type\":\"Organization\",\"@id\":\"https:\/\/www.fisiobalancehome.com\/#organization\",\"name\":\"FISIOBALANCE HOME\",\"url\":\"https:\/\/www.fisiobalancehome.com\/\",\"logo\":{\"@type\":\"ImageObject\",\"inLanguage\":\"ca\",\"@id\":\"https:\/\/www.fisiobalancehome.com\/#\/schema\/logo\/image\/\",\"url\":\"https:\/\/www.fisiobalancehome.com\/wp-content\/uploads\/2023\/04\/logo_fisiobalancehome.png\",\"contentUrl\":\"https:\/\/www.fisiobalancehome.com\/wp-content\/uploads\/2023\/04\/logo_fisiobalancehome.png\",\"width\":423,\"height\":91,\"caption\":\"FISIOBALANCE HOME\"},\"image\":{\"@id\":\"https:\/\/www.fisiobalancehome.com\/#\/schema\/logo\/image\/\"}}]}<\/script>\n<!-- \/ Yoast SEO plugin. -->","yoast_head_json":{"title":"Av\u00eds Legal - Fisiobalance Home","robots":{"index":"index","follow":"follow","max-snippet":"max-snippet:-1","max-image-preview":"max-image-preview:large","max-video-preview":"max-video-preview:-1"},"canonical":"https:\/\/www.fisiobalancehome.com\/ca\/avis-legal\/","og_locale":"ca_ES","og_type":"article","og_title":"Av\u00eds Legal - Fisiobalance Home","og_description":"En compliment amb el que estableix la Llei 34\/2002 d&#8217;11 de juliol, de Serveis de la Societat de la Informaci\u00f3 i el Comer\u00e7 Electr\u00f2nic (LSSICE), s&#8217;informa dels aspectes legals seg\u00fcents: Propietat del lloc web Titular: JENIFER ROMAN\u00cd G\u00d3MEZDNI: 38.135.776-MAdre\u00e7a: Av. Constituci\u00f3, num. 152, 08860, CastelldefelsContacte: info@fisiobalance.cat Condicions generals d&#8217;\u00fas La p\u00e0gina web fisiobalance.cat t\u00e9 com [&hellip;]","og_url":"https:\/\/www.fisiobalancehome.com\/ca\/avis-legal\/","og_site_name":"Fisiobalance Home","article_modified_time":"2023-10-27T08:40:23+00:00","og_image":[{"width":2000,"height":743,"url":"https:\/\/www.fisiobalancehome.com\/wp-content\/uploads\/2023\/04\/fisiohome-top.jpg","type":"image\/jpeg"}],"twitter_card":"summary_large_image","twitter_misc":{"Temps estimat de lectura":"4 minuts"},"schema":{"@context":"https:\/\/schema.org","@graph":[{"@type":"WebPage","@id":"https:\/\/www.fisiobalancehome.com\/ca\/avis-legal\/","url":"https:\/\/www.fisiobalancehome.com\/ca\/avis-legal\/","name":"Av\u00eds Legal - Fisiobalance Home","isPartOf":{"@id":"https:\/\/www.fisiobalancehome.com\/#website"},"datePublished":"2023-04-05T05:12:45+00:00","dateModified":"2023-10-27T08:40:23+00:00","breadcrumb":{"@id":"https:\/\/www.fisiobalancehome.com\/ca\/avis-legal\/#breadcrumb"},"inLanguage":"ca","potentialAction":[{"@type":"ReadAction","target":["https:\/\/www.fisiobalancehome.com\/ca\/avis-legal\/"]}]},{"@type":"BreadcrumbList","@id":"https:\/\/www.fisiobalancehome.com\/ca\/avis-legal\/#breadcrumb","itemListElement":[{"@type":"ListItem","position":1,"name":"Portada","item":"https:\/\/www.fisiobalancehome.com\/ca\/"},{"@type":"ListItem","position":2,"name":"Av\u00eds Legal"}]},{"@type":"WebSite","@id":"https:\/\/www.fisiobalancehome.com\/#website","url":"https:\/\/www.fisiobalancehome.com\/","name":"Fisiobalance Home","description":"La\u00a0&lt;strong&gt;fisioterapia geri\u00e1trica&lt;\/strong&gt;\u00a0busca fomentar el bienestar y ayudar a las personas a mantener un estado f\u00edsico y mental saludable. Adem\u00e1s, se centra en la\u00a0&lt;strong&gt;prevenci\u00f3n de ca\u00eddas, lesiones y el manejo del dolor en la tercera edad.&lt;\/strong&gt;\u00a0En definitiva, proporciona a nuestros mayores la oportunidad de envejecer con calidad de vida.","publisher":{"@id":"https:\/\/www.fisiobalancehome.com\/#organization"},"potentialAction":[{"@type":"SearchAction","target":{"@type":"EntryPoint","urlTemplate":"https:\/\/www.fisiobalancehome.com\/?s={search_term_string}"},"query-input":"required name=search_term_string"}],"inLanguage":"ca"},{"@type":"Organization","@id":"https:\/\/www.fisiobalancehome.com\/#organization","name":"FISIOBALANCE HOME","url":"https:\/\/www.fisiobalancehome.com\/","logo":{"@type":"ImageObject","inLanguage":"ca","@id":"https:\/\/www.fisiobalancehome.com\/#\/schema\/logo\/image\/","url":"https:\/\/www.fisiobalancehome.com\/wp-content\/uploads\/2023\/04\/logo_fisiobalancehome.png","contentUrl":"https:\/\/www.fisiobalancehome.com\/wp-content\/uploads\/2023\/04\/logo_fisiobalancehome.png","width":423,"height":91,"caption":"FISIOBALANCE HOME"},"image":{"@id":"https:\/\/www.fisiobalancehome.com\/#\/schema\/logo\/image\/"}}]}},"_links":{"self":[{"href":"https:\/\/www.fisiobalancehome.com\/ca\/wp-json\/wp\/v2\/pages\/1316","targetHints":{"allow":["GET"]}}],"collection":[{"href":"https:\/\/www.fisiobalancehome.com\/ca\/wp-json\/wp\/v2\/pages"}],"about":[{"href":"https:\/\/www.fisiobalancehome.com\/ca\/wp-json\/wp\/v2\/types\/page"}],"author":[{"embeddable":true,"href":"https:\/\/www.fisiobalancehome.com\/ca\/wp-json\/wp\/v2\/users\/1"}],"replies":[{"embeddable":true,"href":"https:\/\/www.fisiobalancehome.com\/ca\/wp-json\/wp\/v2\/comments?post=1316"}],"version-history":[{"count":3,"href":"https:\/\/www.fisiobalancehome.com\/ca\/wp-json\/wp\/v2\/pages\/1316\/revisions"}],"predecessor-version":[{"id":1319,"href":"https:\/\/www.fisiobalancehome.com\/ca\/wp-json\/wp\/v2\/pages\/1316\/revisions\/1319"}],"wp:attachment":[{"href":"https:\/\/www.fisiobalancehome.com\/ca\/wp-json\/wp\/v2\/media?parent=1316"}],"curies":[{"name":"wp","href":"https:\/\/api.w.org\/{rel}","templated":true}]}}